{"id":277,"date":"2014-01-28T09:33:09","date_gmt":"2014-01-28T09:33:09","guid":{"rendered":"http:\/\/gite-lecottage-saumur.com\/?page_id=277"},"modified":"2015-01-22T08:47:01","modified_gmt":"2015-01-22T08:47:01","slug":"activities-tourism","status":"publish","type":"page","link":"https:\/\/gite-lecottage-saumur.com\/en\/activities-tourism\/","title":{"rendered":"Activities &#038; Tourism"},"content":{"rendered":"<div class=\"wpb_row vc_row-fluid\">\n\t<div class=\"vc_span12 wpb_column column_container\">\n\t\t<div class=\"wpb_wrapper\">\n\t\t\t\n\t<div class=\"wpb_text_column wpb_content_element \">\n\t\t<div class=\"wpb_wrapper\">\n\t\t\t<p style=\"text-align: justify;\"><strong>A region to be discovered on foot, bicycle, by horse, by boat, in the air or underground:<\/strong><\/p>\n<p style=\"text-align: justify;\">The holiday shelter THE COTTAGE is a perfect base to discover the area:<\/p>\n<p style=\"text-align: justify;\"><b>So many possibilities !<\/b><\/p>\n<p style=\"text-align: justify;\">Between Angers and Tours, Saumur is a magnificent city full of history and an excellent starting point to uncover the beauty of the Loire Valley with its many castles.<\/p>\n<p style=\"text-align: justify;\">In the heart of the vineyard Saumur Champigny, \u00abTHE COTTAGE\u201d will provide you the quietness and the services of the village of Varrains. You will be charmed by the succession of character properties and wine growers&#8217; houses.<\/p>\n<p style=\"text-align: justify;\">Many shelter a vast network of cellars in tuffeau.<\/p>\n<p style=\"text-align: justify;\">From &#8221; THE COTTAGE &#8221; you will discover:<\/p>\n<p style=\"text-align: justify;\">To 5 km of Saumur, its castle, its old town as well as the \u201cCadre Noir\u201d, a famous French horse riding school.<\/p>\n<p style=\"text-align: justify;\">It takes 10 mins\u00a0the Abbey of Fontevraud, the castles of Br\u00e9z\u00e9 and Montsoreau, the troglodytes and many wine cellars of the region.<\/p>\n<p style=\"text-align: justify;\">In 3 km the famous Tank Museum.<\/p>\n<p style=\"text-align: justify;\">Within an hour you are amongst several castles\u00a0of the Loire valley classified in the UNESCO.<\/p>\n<p style=\"text-align: justify;\">There is a lot to see and explore and we are very happy to advise and assist you to get the most out of your 1 or 2 week stay.<\/p>\n<h1 style=\"text-align: justify;\"><strong><span style=\"font-size: 14px; font-family: georgia, palatino;\">\u00a0<\/span><\/strong><\/h1>\n\n\t\t<\/div> \n\t<\/div> \n\t\t<\/div> \n\t<\/div> \n<\/div><div class=\"wpb_row vc_row-fluid\">\n\t<div class=\"vc_span3 wpb_column column_container\">\n\t\t<div class=\"wpb_wrapper\">\n\t\t\t\n\t<div class=\"wpb_single_image wpb_content_element vc_align_left\">\n\t\t<div class=\"wpb_wrapper\">\n\t\t\t\n\t\t\t<img loading=\"lazy\" decoding=\"async\" width=\"150\" height=\"150\" src=\"https:\/\/gite-lecottage-saumur.com\/wp-content\/uploads\/2014\/02\/robert-marcel-saint-cyr-en-bourg-150x150.jpg\" class=\"attachment-thumbnail size-thumbnail\" alt=\"\" srcset=\"https:\/\/gite-lecottage-saumur.com\/wp-content\/uploads\/2014\/02\/robert-marcel-saint-cyr-en-bourg-150x150.jpg 150w, https:\/\/gite-lecottage-saumur.com\/wp-content\/uploads\/2014\/02\/robert-marcel-saint-cyr-en-bourg-300x300.jpg 300w, https:\/\/gite-lecottage-saumur.com\/wp-content\/uploads\/2014\/02\/robert-marcel-saint-cyr-en-bourg-1024x1024.jpg 1024w, https:\/\/gite-lecottage-saumur.com\/wp-content\/uploads\/2014\/02\/robert-marcel-saint-cyr-en-bourg-1170x1170.jpg 1170w, https:\/\/gite-lecottage-saumur.com\/wp-content\/uploads\/2014\/02\/robert-marcel-saint-cyr-en-bourg.jpg 1699w\" sizes=\"auto, (max-width: 150px) 100vw, 150px\" \/>\n\t\t<\/div> \n\t<\/div> \n\t\t<\/div> \n\t<\/div> \n\n\t<div class=\"vc_span9 wpb_column column_container\">\n\t\t<div class=\"wpb_wrapper\">\n\t\t\t\n\t<div class=\"wpb_text_column wpb_content_element \">\n\t\t<div class=\"wpb_wrapper\">\n\t\t\t<p style=\"text-align: justify;\">Varrains is in the center of the <b>Saumur Champigny vineyard<\/b>:<\/p>\n<p style=\"text-align: justify;\">\u00a0If you wish, we shall make you discover wines obtained from our vineyard produced by the cellar Robert and Marcel where we are co-workers.<\/p>\n<p style=\"text-align: justify;\">Red, white or ros\u00e9 wines to be discovered in moderation.<\/p>\n\n\t\t<\/div> \n\t<\/div> \n\t\t<\/div> \n\t<\/div> \n<\/div><div class=\"wpb_row vc_row-fluid\">\n\t<div class=\"vc_span8 wpb_column column_container\">\n\t\t<div class=\"wpb_wrapper\">\n\t\t\t\n\t<div class=\"wpb_text_column wpb_content_element \">\n\t\t<div class=\"wpb_wrapper\">\n\t\t\t<p style=\"text-align: justify;\">Saumur Brut and spirit:<\/p>\n<p style=\"text-align: justify;\">Sparkling wines from Saumur are nice and cheap.<\/p>\n<p style=\"text-align: justify;\">Come to visit all these cellars like Ackerman, Bouvet-ladubay, Langlois ch\u00e2teau, Gratien Meyer, les caves de Grenelle, veuve Amiot.<\/p>\n<p style=\"text-align: justify;\">COMBIER will make you discover the oldest distillery of the Val de Loire still in business.<\/p>\n<p style=\"text-align: justify;\">All proposes you visits and tastings.<\/p>\n\n\t\t<\/div> \n\t<\/div> \n\t\t<\/div> \n\t<\/div> \n\n\t<div class=\"vc_span4 wpb_column column_container\">\n\t\t<div class=\"wpb_wrapper\">\n\t\t\t\n\t<div class=\"wpb_single_image wpb_content_element vc_align_left\">\n\t\t<div class=\"wpb_wrapper\">\n\t\t\t\n\t\t\t<img loading=\"lazy\" decoding=\"async\" width=\"150\" height=\"150\" src=\"https:\/\/gite-lecottage-saumur.com\/wp-content\/uploads\/2014\/02\/bulle-150x150.jpg\" class=\"attachment-thumbnail size-thumbnail\" alt=\"\" \/>\n\t\t<\/div> \n\t<\/div> \n\t\t<\/div> \n\t<\/div> \n<\/div><div class=\"wpb_row vc_row-fluid\">\n\t<div class=\"vc_span3 wpb_column column_container\">\n\t\t<div class=\"wpb_wrapper\">\n\t\t\t\n\t<div class=\"wpb_single_image wpb_content_element vc_align_left\">\n\t\t<div class=\"wpb_wrapper\">\n\t\t\t\n\t\t\t<img loading=\"lazy\" decoding=\"async\" width=\"150\" height=\"150\" src=\"https:\/\/gite-lecottage-saumur.com\/wp-content\/uploads\/2014\/01\/cadre-noir-150x150.jpg\" class=\"attachment-thumbnail size-thumbnail\" alt=\"\" \/>\n\t\t<\/div> \n\t<\/div> \n\t\t<\/div> \n\t<\/div> \n\n\t<div class=\"vc_span9 wpb_column column_container\">\n\t\t<div class=\"wpb_wrapper\">\n\t\t\t\n\t<div class=\"wpb_text_column wpb_content_element \">\n\t\t<div class=\"wpb_wrapper\">\n\t\t\t<p style=\"text-align: justify;\"><b style=\"line-height: 1.5em;\">SAUMUR HORSE CAPITAL<\/b><span style=\"line-height: 1.5em;\">: to discover the national riding school and its famous Cadre Noir: visits and shows throughout the season to be absolutely seen.<\/span><\/p>\n<p style=\"text-align: justify;\">Cavalry Museum: situated in the former stables of the Cadre Noir, built in 1927, this museum redraws the history of the cavalry from 1445 to nowadays.<\/p>\n<p style=\"text-align: justify;\">You can also visit Saumur in carriage.<\/p>\n\n\t\t<\/div> \n\t<\/div> \n\t\t<\/div> \n\t<\/div> \n<\/div><div class=\"wpb_row vc_row-fluid\">\n\t<div class=\"vc_span8 wpb_column column_container\">\n\t\t<div class=\"wpb_wrapper\">\n\t\t\t\n\t<div class=\"wpb_text_column wpb_content_element \">\n\t\t<div class=\"wpb_wrapper\">\n\t\t\t<p style=\"text-align: justify;\"><b>TROGLODYTES<\/b> of plain or cliff:<\/p>\n<p style=\"text-align: justify;\">Saumur area has been fortunate to benefit variety troglodytic sites, former extraction quarries of the &#8220;tuffe&#8221;.::<\/p>\n<p style=\"text-align: justify;\">Some sites nearby: mushroom museum, Pierre et Lumi\u00e8re (Stone and Light), chateau of Br\u00e9z\u00e9 (a castle on another one), la cave aux moines (the cellar to the monks), the Perri\u00e8res as well as the zoo of Dou\u00e9 la Fontaine.<\/p>\n\n\t\t<\/div> \n\t<\/div> \n\t\t<\/div> \n\t<\/div> \n\n\t<div class=\"vc_span4 wpb_column column_container\">\n\t\t<div class=\"wpb_wrapper\">\n\t\t\t\n\t<div class=\"wpb_single_image wpb_content_element vc_align_left\">\n\t\t<div class=\"wpb_wrapper\">\n\t\t\t\n\t\t\t<img loading=\"lazy\" decoding=\"async\" width=\"150\" height=\"150\" src=\"https:\/\/gite-lecottage-saumur.com\/wp-content\/uploads\/2014\/02\/gal-366213-150x150.jpg\" class=\"attachment-thumbnail size-thumbnail\" alt=\"\" \/>\n\t\t<\/div> \n\t<\/div> \n\t\t<\/div> \n\t<\/div> \n<\/div><div class=\"wpb_row vc_row-fluid\">\n\t<div class=\"vc_span3 wpb_column column_container\">\n\t\t<div class=\"wpb_wrapper\">\n\t\t\t\n\t<div class=\"wpb_single_image wpb_content_element vc_align_left\">\n\t\t<div class=\"wpb_wrapper\">\n\t\t\t\n\t\t\t\n\t\t<\/div> \n\t<\/div> \n\t\t<\/div> \n\t<\/div> \n\n\t<div class=\"vc_span9 wpb_column column_container\">\n\t\t<div class=\"wpb_wrapper\">\n\t\t\t\n\t<div class=\"wpb_text_column wpb_content_element \">\n\t\t<div class=\"wpb_wrapper\">\n\t\t\t<p style=\"text-align: justify;\"><b>CHATEAUX OF LOIRE VALLEY:<\/b><\/p>\n<p style=\"text-align: justify;\">For 27 of miles around, between Anjou and Touraine, from Angers to Azay-le-Rideau via the castle of Boumois, Saumur, Montsoreau, the fortress of Chinon and more.<\/p>\n<p style=\"text-align: justify;\">Find french history from the Middle Ages to the Renaissance period.<\/p>\n\n\t\t<\/div> \n\t<\/div> \n\t\t<\/div> \n\t<\/div> \n<\/div><div class=\"wpb_row vc_row-fluid\">\n\t<div class=\"vc_span8 wpb_column column_container\">\n\t\t<div class=\"wpb_wrapper\">\n\t\t\t\n\t<div class=\"wpb_text_column wpb_content_element \">\n\t\t<div class=\"wpb_wrapper\">\n\t\t\t<p style=\"text-align: justify;\">Majestic, the best is to discover the Loire by navigating from Saumur by boat cruise or from Candes St-Martin by traditional toue (flat boat used to cross the Loire or to fish).<\/p>\n\n\t\t<\/div> \n\t<\/div> \n\t\t<\/div> \n\t<\/div> \n\n\t<div class=\"vc_span4 wpb_column column_container\">\n\t\t<div class=\"wpb_wrapper\">\n\t\t\t\n\t<div class=\"wpb_single_image wpb_content_element vc_align_left\">\n\t\t<div class=\"wpb_wrapper\">\n\t\t\t\n\t\t\t<img loading=\"lazy\" decoding=\"async\" width=\"150\" height=\"150\" src=\"https:\/\/gite-lecottage-saumur.com\/wp-content\/uploads\/2014\/02\/255-bateaux-de-loire-150x150.jpg\" class=\"attachment-thumbnail size-thumbnail\" alt=\"\" \/>\n\t\t<\/div> \n\t<\/div> \n\t\t<\/div> \n\t<\/div> \n<\/div><div class=\"wpb_row vc_row-fluid\">\n\t<div class=\"vc_span3 wpb_column column_container\">\n\t\t<div class=\"wpb_wrapper\">\n\t\t\t\n\t<div class=\"wpb_single_image wpb_content_element vc_align_left\">\n\t\t<div class=\"wpb_wrapper\">\n\t\t\t\n\t\t\t<img loading=\"lazy\" decoding=\"async\" width=\"150\" height=\"150\" src=\"https:\/\/gite-lecottage-saumur.com\/wp-content\/uploads\/2014\/02\/photo-633982484273281250-1-150x150.jpg\" class=\"attachment-thumbnail size-thumbnail\" alt=\"\" \/>\n\t\t<\/div> \n\t<\/div> \n\t\t<\/div> \n\t<\/div> \n\n\t<div class=\"vc_span9 wpb_column column_container\">\n\t\t<div class=\"wpb_wrapper\">\n\t\t\t\n\t<div class=\"wpb_text_column wpb_content_element \">\n\t\t<div class=\"wpb_wrapper\">\n\t\t\t<p style=\"text-align: justify;\"><b>Tank Museum: <\/b>unique collection in Europe, about 250 exposed vehicles and numerous animations all year round.<\/p>\n<p style=\"text-align: justify;\"><b>Engine Museum<\/b>: collection of combustion engines of every types.<\/p>\n\n\t\t<\/div> \n\t<\/div> \n\t\t<\/div> \n\t<\/div> \n<\/div><div class=\"wpb_row vc_row-fluid\">\n\t<div class=\"vc_span8 wpb_column column_container\">\n\t\t<div class=\"wpb_wrapper\">\n\t\t\t\n\t<div class=\"wpb_text_column wpb_content_element \">\n\t\t<div class=\"wpb_wrapper\">\n\t\t\t<p style=\"text-align: justify;\"><b>FONTEVRAUD ABBEY<\/b>:<\/p>\n<p style=\"text-align: justify;\">It is an imperative place to visit, plan a big half-day.<\/p>\n<p style=\"text-align: justify;\">Established at the beginning of the 12th century, it is the vastest monastic city of Europe. Necropolis of the Plantagen\u00eats dynasty, it shelters the recumbent effigies of Alienor d&#8217; Aquitaine and Richard Coeur de Lion. Then it was used as a prison during Napol\u00e9on time, and closed in 1963. The Abbey was reopened to the public in 1985.<\/p>\n<p style=\"text-align: justify;\"><span style=\"text-decoration: underline;\">\u00a0<\/span><\/p>\n\n\t\t<\/div> \n\t<\/div> \n\t\t<\/div> \n\t<\/div> \n\n\t<div class=\"vc_span4 wpb_column column_container\">\n\t\t<div class=\"wpb_wrapper\">\n\t\t\t\n\t<div class=\"wpb_single_image wpb_content_element vc_align_left\">\n\t\t<div class=\"wpb_wrapper\">\n\t\t\t\n\t\t\t<img loading=\"lazy\" decoding=\"async\" width=\"150\" height=\"150\" src=\"https:\/\/gite-lecottage-saumur.com\/wp-content\/uploads\/2014\/02\/10376-150x150.jpg\" class=\"attachment-thumbnail size-thumbnail\" alt=\"\" \/>\n\t\t<\/div> \n\t<\/div> \n\t\t<\/div> \n\t<\/div> \n<\/div><div class=\"wpb_row vc_row-fluid\">\n\t<div class=\"vc_span3 wpb_column column_container\">\n\t\t<div class=\"wpb_wrapper\">\n\t\t\t\n\t<div class=\"wpb_single_image wpb_content_element vc_align_left\">\n\t\t<div class=\"wpb_wrapper\">\n\t\t\t\n\t\t\t<img loading=\"lazy\" decoding=\"async\" width=\"150\" height=\"150\" src=\"https:\/\/gite-lecottage-saumur.com\/wp-content\/uploads\/2014\/02\/loire-a-velo-hd-009-53771-150x150.jpg\" class=\"attachment-thumbnail size-thumbnail\" alt=\"\" \/>\n\t\t<\/div> \n\t<\/div> \n\t\t<\/div> \n\t<\/div> \n\n\t<div class=\"vc_span9 wpb_column column_container\">\n\t\t<div class=\"wpb_wrapper\">\n\t\t\t\n\t<div class=\"wpb_text_column wpb_content_element \">\n\t\t<div class=\"wpb_wrapper\">\n\t\t\t<p style=\"text-align: justify;\">After all these visits, relax you by discovering the vineyard by feet from &#8220;THE COTTAGE\u201d.<\/p>\n<p style=\"text-align: justify;\">You will easily find to ride or to take off in hot-air balloons but also discover the famous route of the LOIRE by bicycle.<\/p>\n<p style=\"text-align: justify;\">Enjoy yourself in the numerous amusement parks of the region or simply by going to the wonderful zoo of Dou\u00e9 la Fontaine.<\/p>\n\n\t\t<\/div> \n\t<\/div> \n\t\t<\/div> \n\t<\/div> \n<\/div><div class=\"wpb_row vc_row-fluid\">\n\t<div class=\"vc_span8 wpb_column column_container\">\n\t\t<div class=\"wpb_wrapper\">\n\t\t\t\n\t<div class=\"wpb_text_column wpb_content_element \">\n\t\t<div class=\"wpb_wrapper\">\n\t\t\t<p style=\"text-align: justify;\">THE COTTAGE provides you with a complete documentation updated; do not hesitate to ask more advices.<\/p>\n<p style=\"text-align: justify;\">The tourist office of Saumur can also inform you and it assures the service of ticket office for numerous sites.<\/p>\n\n\t\t<\/div> \n\t<\/div> \n\t\t<\/div> \n\t<\/div> \n\n\t<div class=\"vc_span4 wpb_column column_container\">\n\t\t<div class=\"wpb_wrapper\">\n\t\t\t\n\t<div class=\"wpb_single_image wpb_content_element vc_align_left\">\n\t\t<div class=\"wpb_wrapper\">\n\t\t\t\n\t\t\t<img loading=\"lazy\" decoding=\"async\" width=\"150\" height=\"150\" src=\"https:\/\/gite-lecottage-saumur.com\/wp-content\/uploads\/2014\/01\/OT5-150x150.jpg\" class=\"attachment-thumbnail size-thumbnail\" alt=\"\" srcset=\"https:\/\/gite-lecottage-saumur.com\/wp-content\/uploads\/2014\/01\/OT5-150x150.jpg 150w, https:\/\/gite-lecottage-saumur.com\/wp-content\/uploads\/2014\/01\/OT5.jpg 203w\" sizes=\"auto, (max-width: 150px) 100vw, 150px\" \/>\n\t\t<\/div> \n\t<\/div> \n\t\t<\/div> \n\t<\/div> \n<\/div><div class=\"wpb_row vc_row-fluid\">\n\t<div class=\"vc_span3 wpb_column column_container\">\n\t\t<div class=\"wpb_wrapper\">\n\t\t\t\n\t<div class=\"wpb_gallery wpb_content_element clearfix\">\n\t\t<div class=\"wpb_wrapper\"><div class=\"wpb_gallery_slides wpb_flexslider flexslider_fade flexslider\" data-interval=\"3\" data-flex_fx=\"fade\"><ul class=\"slides\"><li><a class=\"prettyphoto\" href=\"https:\/\/gite-lecottage-saumur.com\/wp-content\/uploads\/2014\/01\/geode.jpg\" rel=\"prettyPhoto[rel-555736443]\"><img loading=\"lazy\" decoding=\"async\" width=\"150\" height=\"150\" src=\"https:\/\/gite-lecottage-saumur.com\/wp-content\/uploads\/2014\/01\/geode-150x150.jpg\" class=\"attachment-thumbnail size-thumbnail\" alt=\"\" \/><\/a><\/li><li><a class=\"prettyphoto\" href=\"https:\/\/gite-lecottage-saumur.com\/wp-content\/uploads\/2014\/01\/terra-botanica.jpg\" rel=\"prettyPhoto[rel-555736443]\"><img loading=\"lazy\" decoding=\"async\" width=\"150\" height=\"150\" src=\"https:\/\/gite-lecottage-saumur.com\/wp-content\/uploads\/2014\/01\/terra-botanica-150x150.jpg\" class=\"attachment-thumbnail size-thumbnail\" alt=\"\" \/><\/a><\/li><li><a class=\"prettyphoto\" href=\"https:\/\/gite-lecottage-saumur.com\/wp-content\/uploads\/2014\/01\/puy-du-fou-2013.jpg\" rel=\"prettyPhoto[rel-555736443]\"><img loading=\"lazy\" decoding=\"async\" width=\"150\" height=\"150\" src=\"https:\/\/gite-lecottage-saumur.com\/wp-content\/uploads\/2014\/01\/puy-du-fou-2013-150x150.jpg\" class=\"attachment-thumbnail size-thumbnail\" alt=\"\" \/><\/a><\/li><li><a class=\"prettyphoto\" href=\"https:\/\/gite-lecottage-saumur.com\/wp-content\/uploads\/2014\/01\/nggshow.php_.jpeg\" rel=\"prettyPhoto[rel-555736443]\"><img loading=\"lazy\" decoding=\"async\" width=\"150\" height=\"150\" src=\"https:\/\/gite-lecottage-saumur.com\/wp-content\/uploads\/2014\/01\/nggshow.php_-150x150.jpeg\" class=\"attachment-thumbnail size-thumbnail\" alt=\"\" \/><\/a><\/li><\/ul><\/div>\n\t\t<\/div> \n\t<\/div> \n\t\t<\/div> \n\t<\/div> \n\n\t<div class=\"vc_span9 wpb_column column_container\">\n\t\t<div class=\"wpb_wrapper\">\n\t\t\t\n\t<div class=\"wpb_text_column wpb_content_element \">\n\t\t<div class=\"wpb_wrapper\">\n\t\t\t<p style=\"text-align: justify;\">In family or with friends, enjoy a full day in an amusement park. The youngest and the oldest, all family will have fun.<\/p>\n<p style=\"text-align: justify;\">Futuroscope is a multimedia theme park with different kinds of attractions &amp; shows, Raving like the \u201cTime Machine\u201d, Thrills like \u201cDance with Robots\u201d, Spectacular with \u201cThe Little Prince\u201d\u2026<\/p>\n<p style=\"text-align: justify;\">Puy du Fou is an historic theme park with shows like the \u201cTriumph\u2019s Sign\u201d, \u201cThe Viking\u201d, \u201cThe Phantom Birds\u2019 Dance\u201d\u2026 and with villages as \u201cThe Market Town in 1900\u201d, \u201cThe Fort de l\u2019An Mil\u201d, \u201cThe Medieval City\u201d\u2026<\/p>\n\n\t\t<\/div> \n\t<\/div> \n\t\t<\/div> \n\t<\/div> \n<\/div>\n","protected":false},"excerpt":{"rendered":"A region to be discovered on foot, bicycle, by horse, by boat, in the air or underground: The holiday shelter THE COTTAGE is a perfect base to discover the area: So many possibilities ! Between Angers and Tours, Saumur is a magnificent city full of history and an excellent starting point to uncover the beauty [...]","protected":false},"author":1,"featured_media":0,"parent":0,"menu_order":0,"comment_status":"open","ping_status":"closed","template":"","meta":{"footnotes":""},"class_list":["post-277","page","type-page","status-publish","hentry"],"yoast_head":"<!-- This site is optimized with the Yoast SEO plugin v26.6 - https:\/\/yoast.com\/wordpress\/plugins\/seo\/ -->\n<title>Activities &amp; Tourism - G\u00eete &quot;Le Cottage&quot;<\/title>\n<meta name=\"robots\" content=\"index, follow, max-snippet:-1, max-image-preview:large, max-video-preview:-1\" \/>\n<link rel=\"canonical\" href=\"https:\/\/gite-lecottage-saumur.com\/en\/activities-tourism\/\" \/>\n<meta property=\"og:locale\" content=\"en_US\" \/>\n<meta property=\"og:type\" content=\"article\" \/>\n<meta property=\"og:title\" content=\"Activities &amp; Tourism - G\u00eete &quot;Le Cottage&quot;\" \/>\n<meta property=\"og:url\" content=\"https:\/\/gite-lecottage-saumur.com\/en\/activities-tourism\/\" \/>\n<meta property=\"og:site_name\" content=\"G\u00eete &quot;Le Cottage&quot;\" \/>\n<meta property=\"article:publisher\" content=\"https:\/\/www.facebook.com\/CottageSaumur\/\" \/>\n<meta property=\"article:modified_time\" content=\"2015-01-22T08:47:01+00:00\" \/>\n<meta name=\"twitter:label1\" content=\"Est. reading time\" \/>\n\t<meta name=\"twitter:data1\" content=\"6 minutes\" \/>\n<script type=\"application\/ld+json\" class=\"yoast-schema-graph\">{\"@context\":\"https:\/\/schema.org\",\"@graph\":[{\"@type\":\"WebPage\",\"@id\":\"https:\/\/gite-lecottage-saumur.com\/en\/activities-tourism\/\",\"url\":\"https:\/\/gite-lecottage-saumur.com\/en\/activities-tourism\/\",\"name\":\"Activities & Tourism - G\u00eete &quot;Le Cottage&quot;\",\"isPartOf\":{\"@id\":\"https:\/\/gite-lecottage-saumur.com\/#website\"},\"datePublished\":\"2014-01-28T09:33:09+00:00\",\"dateModified\":\"2015-01-22T08:47:01+00:00\",\"breadcrumb\":{\"@id\":\"https:\/\/gite-lecottage-saumur.com\/en\/activities-tourism\/#breadcrumb\"},\"inLanguage\":\"en-US\",\"potentialAction\":[{\"@type\":\"ReadAction\",\"target\":[\"https:\/\/gite-lecottage-saumur.com\/en\/activities-tourism\/\"]}]},{\"@type\":\"BreadcrumbList\",\"@id\":\"https:\/\/gite-lecottage-saumur.com\/en\/activities-tourism\/#breadcrumb\",\"itemListElement\":[{\"@type\":\"ListItem\",\"position\":1,\"name\":\"Accueil\",\"item\":\"https:\/\/gite-lecottage-saumur.com\/en\/\"},{\"@type\":\"ListItem\",\"position\":2,\"name\":\"Activities &#038; Tourism\"}]},{\"@type\":\"WebSite\",\"@id\":\"https:\/\/gite-lecottage-saumur.com\/#website\",\"url\":\"https:\/\/gite-lecottage-saumur.com\/\",\"name\":\"G\u00eete &quot;Le Cottage&quot;\",\"description\":\"\",\"potentialAction\":[{\"@type\":\"SearchAction\",\"target\":{\"@type\":\"EntryPoint\",\"urlTemplate\":\"https:\/\/gite-lecottage-saumur.com\/?s={search_term_string}\"},\"query-input\":{\"@type\":\"PropertyValueSpecification\",\"valueRequired\":true,\"valueName\":\"search_term_string\"}}],\"inLanguage\":\"en-US\"}]}<\/script>\n<!-- \/ Yoast SEO plugin. -->","yoast_head_json":{"title":"Activities & Tourism - G\u00eete &quot;Le Cottage&quot;","robots":{"index":"index","follow":"follow","max-snippet":"max-snippet:-1","max-image-preview":"max-image-preview:large","max-video-preview":"max-video-preview:-1"},"canonical":"https:\/\/gite-lecottage-saumur.com\/en\/activities-tourism\/","og_locale":"en_US","og_type":"article","og_title":"Activities & Tourism - G\u00eete &quot;Le Cottage&quot;","og_url":"https:\/\/gite-lecottage-saumur.com\/en\/activities-tourism\/","og_site_name":"G\u00eete &quot;Le Cottage&quot;","article_publisher":"https:\/\/www.facebook.com\/CottageSaumur\/","article_modified_time":"2015-01-22T08:47:01+00:00","twitter_misc":{"Est. reading time":"6 minutes"},"schema":{"@context":"https:\/\/schema.org","@graph":[{"@type":"WebPage","@id":"https:\/\/gite-lecottage-saumur.com\/en\/activities-tourism\/","url":"https:\/\/gite-lecottage-saumur.com\/en\/activities-tourism\/","name":"Activities & Tourism - G\u00eete &quot;Le Cottage&quot;","isPartOf":{"@id":"https:\/\/gite-lecottage-saumur.com\/#website"},"datePublished":"2014-01-28T09:33:09+00:00","dateModified":"2015-01-22T08:47:01+00:00","breadcrumb":{"@id":"https:\/\/gite-lecottage-saumur.com\/en\/activities-tourism\/#breadcrumb"},"inLanguage":"en-US","potentialAction":[{"@type":"ReadAction","target":["https:\/\/gite-lecottage-saumur.com\/en\/activities-tourism\/"]}]},{"@type":"BreadcrumbList","@id":"https:\/\/gite-lecottage-saumur.com\/en\/activities-tourism\/#breadcrumb","itemListElement":[{"@type":"ListItem","position":1,"name":"Accueil","item":"https:\/\/gite-lecottage-saumur.com\/en\/"},{"@type":"ListItem","position":2,"name":"Activities &#038; Tourism"}]},{"@type":"WebSite","@id":"https:\/\/gite-lecottage-saumur.com\/#website","url":"https:\/\/gite-lecottage-saumur.com\/","name":"G\u00eete &quot;Le Cottage&quot;","description":"","potentialAction":[{"@type":"SearchAction","target":{"@type":"EntryPoint","urlTemplate":"https:\/\/gite-lecottage-saumur.com\/?s={search_term_string}"},"query-input":{"@type":"PropertyValueSpecification","valueRequired":true,"valueName":"search_term_string"}}],"inLanguage":"en-US"}]}},"_links":{"self":[{"href":"https:\/\/gite-lecottage-saumur.com\/en\/wp-json\/wp\/v2\/pages\/277","targetHints":{"allow":["GET"]}}],"collection":[{"href":"https:\/\/gite-lecottage-saumur.com\/en\/wp-json\/wp\/v2\/pages"}],"about":[{"href":"https:\/\/gite-lecottage-saumur.com\/en\/wp-json\/wp\/v2\/types\/page"}],"author":[{"embeddable":true,"href":"https:\/\/gite-lecottage-saumur.com\/en\/wp-json\/wp\/v2\/users\/1"}],"replies":[{"embeddable":true,"href":"https:\/\/gite-lecottage-saumur.com\/en\/wp-json\/wp\/v2\/comments?post=277"}],"version-history":[{"count":0,"href":"https:\/\/gite-lecottage-saumur.com\/en\/wp-json\/wp\/v2\/pages\/277\/revisions"}],"wp:attachment":[{"href":"https:\/\/gite-lecottage-saumur.com\/en\/wp-json\/wp\/v2\/media?parent=277"}],"curies":[{"name":"wp","href":"https:\/\/api.w.org\/{rel}","templated":true}]}}