{"id":5949,"date":"2015-05-28T13:42:23","date_gmt":"2015-05-28T13:42:23","guid":{"rendered":"http:\/\/gite-lecottage-saumur.com\/mentions-legales-2\/"},"modified":"2015-05-28T13:42:23","modified_gmt":"2015-05-28T13:42:23","slug":"mentions-legales","status":"publish","type":"page","link":"https:\/\/gite-lecottage-saumur.com\/en\/mentions-legales\/","title":{"rendered":"Mentions l\u00e9gales"},"content":{"rendered":"<p>MENTIONS LEGALES :<\/p>\n<p style=\"text-align: justify;\"><strong><span style=\"font-size: large;\">1. Pr\u00e9sentation du site :<\/span><br \/>\n<\/strong><\/p>\n<p>Conform\u00e9ment aux dispositions des articles 6-III et 19 de la Loi n\u00b0 2004-575 du 21 juin 2004 pour la Confiance dans l&#8217;\u00e9conomie num\u00e9rique, dite L.C.E.N., nous portons \u00e0 la connaissance des utilisateurs et visiteurs du site : www.gite-lecottage-saumur.com les informations suivantes :<\/p>\n<p style=\"text-align: justify;\"><b>Informations l\u00e9gales : <\/b><\/p>\n<p>Statut du propri\u00e9taire : <strong>societe<\/strong><br \/>\nPr\u00e9fixe : <strong>EARL<\/strong><br \/>\nNom de la Soci\u00e9t\u00e9 :<strong> DOMAINE DE VAR RAINSSE<\/strong><br \/>\nAdresse : <strong>12 Rue de la Poterne 49400 Varrains<\/strong><br \/>\nT\u00e9l\u00a0 : <strong>0241529729<\/strong><br \/>\nAu Capital de :<strong> 10000 \u20ac<\/strong><br \/>\nSIRET :\u00a0 <strong>42300888700014\u00a0\u00a0 <\/strong>R.C.S. :<strong> 423008887<\/strong><br \/>\nNum\u00e9ro TVA intracommunautaire : <strong>FR 20 423008887<\/strong><br \/>\nAdresse de courrier \u00e9lectronique : <strong>contact@gite-lecottage-saumur.com<\/strong><br \/>\nLe Cr\u00e9ateur du site est : <strong>OPC Informatique<\/strong><br \/>\nLe Responsable de la\u00a0 publication est : <strong>MME Catherine LEGRAND<\/strong><br \/>\nContactez le responsable de la publication : <strong>contact@gite-lecottage-saumur.com<\/strong><br \/>\nLe responsable de la publication est une\u00a0<strong>personne morale<\/strong><br \/>\nLe Webmaster est\u00a0 : <strong>OPC Informatique<\/strong><br \/>\nContactez le Webmaster : <strong>contact@opc-informatique.com<\/strong><br \/>\nL\u2019hebergeur du site est : <strong>Bluehost Inc 560 Timpanogos Pkwy UT 84097 Orem<\/strong><\/p>\n<p><strong><span style=\"font-size: large;\">2. Conditions g\u00e9n\u00e9rales d\u2019utilisation du site et des services propos\u00e9s :<\/span><\/strong><\/p>\n<p>L\u2019utilisation du site www.gite-lecottage-saumur.com implique l\u2019acceptation pleine et enti\u00e8re des conditions g\u00e9n\u00e9rales d\u2019utilisation\u00a0 d\u00e9crites ci-apr\u00e9s. Ces conditions d\u2019utilisation sont susceptibles d\u2019\u00eatre modifi\u00e9es ou compl\u00e9t\u00e9es \u00e0 tout moment, sans pr\u00e9avis, aussi les utilisateurs du site www.gite-lecottage-saumur.com sont\u00a0 invit\u00e9s \u00e0 les consulter de mani\u00e8re r\u00e9guli\u00e8re.<\/p>\n<p><a href=\"http:\/\/gite-lecottage-saumur.com\" target=\"_blank\">w<\/a>ww.gite-lecottage-saumur.com est par principe accessible aux utilisateurs 24\/24h, 7\/7j, sauf interruption, programm\u00e9e ou non, pour les besoins de sa maintenance ou cas de force majeure. En cas d\u2019impossibilit\u00e9 d\u2019acc\u00e8s au service, www.gite-lecottage-saumur.com s\u2019engage \u00e0 faire son maximum afin de r\u00e9tablir l\u2019acc\u00e8s au service et s\u2019efforcera alors de communiquer pr\u00e9alablement aux utilisateurs les dates et heures de l\u2019intervention.\u00a0 N\u2019\u00e9tant soumis qu\u2019\u00e0 une obligation de moyen, www.gite-lecottage-saumur.com ne saurait \u00eatre tenu pour responsable de tout dommage, quelle qu\u2019en soit la nature, r\u00e9sultant d\u2019une indisponibilit\u00e9 du service.<\/p>\n<p style=\"text-align: justify;\">Le site www.gite-lecottage-saumur.com est mis \u00e0 jour r\u00e9guli\u00e8rement par le proprietaire du site. De la m\u00eame fa\u00e7on, les mentions l\u00e9gales peuvent \u00eatre modifi\u00e9es \u00e0 tout moment, sans pr\u00e9avis et\u00a0 s\u2019imposent \u00e0 l\u2019utilisateur sans r\u00e9serve. L\u2019utilisateur est r\u00e9put\u00e9 les accepter sans r\u00e9serve et s\u2019y r\u00e9f\u00e9rer r\u00e9guli\u00e8rement pour prendre connaissance des modifications.<\/p>\n<p>Le site www.gite-lecottage-saumur.com se r\u00e9serve aussi le droit de c\u00e9der, transf\u00e9rer, ce sans pr\u00e9avis les droits et\/ou obligations des pr\u00e9sentes CGU et mentions l\u00e9gales. En continuant \u00e0 utiliser les Services du site www.gite-lecottage-saumur.com , l\u2019utilisateur reconna\u00eet accepter les modifications des conditions g\u00e9n\u00e9rales qui seraient intervenues.<\/p>\n<p style=\"text-align: justify;\"><strong><span style=\"font-size: large;\">3. Description des services fournis :<\/span><\/strong><\/p>\n<p>Le site www.gite-lecottage-saumur.com a pour objet de fournir une information concernant l\u2019ensemble des activit\u00e9s de la soci\u00e9t\u00e9.<\/p>\n<p>Le proprietaire du site s\u2019efforce de fournir sur le site www.gite-lecottage-saumur.com des informations aussi pr\u00e9cises que possible. Toutefois, il ne pourra \u00eatre tenue responsable des omissions, des inexactitudes et des carences dans la mise \u00e0 jour, qu\u2019elles soient de son fait ou du fait des tiers partenaires qui lui fournissent ces informations.<\/p>\n<p>Tous les informations propos\u00e9es sur le site www.gite-lecottage-saumur.com sont donn\u00e9es \u00e0 titre indicatif, sont non exhaustives, et sont susceptibles d\u2019\u00e9voluer. Elles sont donn\u00e9es sous r\u00e9serve de modifications ayant \u00e9t\u00e9 apport\u00e9es depuis leur mise en ligne.<\/p>\n<p style=\"text-align: justify;\"><strong><span style=\"font-size: large;\">4. Limites de responsabilit\u00e9 :<\/span><\/strong><\/p>\n<p>Le site www.gite-lecottage-saumur.com utilise la technologie java script.<\/p>\n<p>Le site www.gite-lecottage-saumur.com ne saurait \u00eatre tenu responsable des erreurs typographiques ou inexactitudes apparaissant sur le service, ou de quelque dommage subi r\u00e9sultant de son utilisation. L\u2019utilisateur reste responsable de son \u00e9quipement et de son utilisation, de m\u00eame il supporte seul les co\u00fbts directs ou indirects suite \u00e0 sa connexion \u00e0 Internet.<\/p>\n<p>L\u2019utilisateur du site www.gite-lecottage-saumur.com s\u2019engage \u00e0 acc\u00e9der \u00e0 celui-ci en utilisant un mat\u00e9riel r\u00e9cent, ne contenant pas de virus et avec un navigateur de derni\u00e8re g\u00e9n\u00e9ration mise \u00e0 jour.<\/p>\n<p>L\u2019utilisateur d\u00e9gage la responsabilit\u00e9 de www.gite-lecottage-saumur.com pour tout pr\u00e9judice qu\u2019il pourrait subir ou faire subir, directement ou indirectement, du fait des services propos\u00e9s. Seule la responsabilit\u00e9 de l\u2019utilisateur est engag\u00e9e par l\u2019utilisation du service propos\u00e9 et celui-ci d\u00e9gage express\u00e9ment le site www.gite-lecottage-saumur.com de toute responsabilit\u00e9 vis \u00e0 vis de tiers.<\/p>\n<p>Des espaces interactifs (possibilit\u00e9 de poser des questions dans l\u2019espace contact) sont \u00e0 la disposition des utilisateurs. Le site www.gite-lecottage-saumur.com se r\u00e9serve le droit de supprimer, sans mise en demeure pr\u00e9alable, tout contenu d\u00e9pos\u00e9 dans cet espace qui contreviendrait \u00e0 la l\u00e9gislation applicable en France, en particulier aux dispositions relatives \u00e0 la protection des donn\u00e9es. Le cas \u00e9ch\u00e9ant, le proprietaire du site se r\u00e9serve \u00e9galement la possibilit\u00e9 de mettre en cause la responsabilit\u00e9 civile et\/ou p\u00e9nale de l\u2019utilisateur, notamment en cas de message \u00e0 caract\u00e8re raciste, injurieux, diffamant, ou pornographique, quel que soit le support utilis\u00e9 (texte, photographie\u2026).<\/p>\n<p>Il est ici rappel\u00e9 que les d\u00e9veloppeurs du site www.gite-lecottage-saumur.com gardent trace de l&#8217;adresse mail, et de l&#8217;adresse IP de l&#8217;utilisateur. En cons\u00e9quence, il doit \u00eatre conscient qu&#8217;en cas d&#8217;injonction de l\u2019autorit\u00e9 judiciaire il peut \u00eatre retrouv\u00e9 et poursuivi.<\/p>\n<p style=\"text-align: justify;\"><strong><span style=\"font-size: large;\">5. Propri\u00e9t\u00e9 intellectuelle et contrefa\u00e7ons :<\/span><\/strong><\/p>\n<p>Le proprietaire du site est propri\u00e9taire des droits de propri\u00e9t\u00e9 intellectuelle ou d\u00e9tient les droits d\u2019usage sur tous les \u00e9l\u00e9ments accessibles sur le site, notamment les textes, images, graphismes, logo, ic\u00f4nes, sons, logiciels\u2026<\/p>\n<p>Toute reproduction, repr\u00e9sentation, modification, publication, adaptation totale ou partielle des \u00e9l\u00e9ments du site, quel que soit le moyen ou le proc\u00e9d\u00e9 utilis\u00e9, est interdite, sauf autorisation \u00e9crite pr\u00e9alable \u00e0 l&#8217;email : <strong>contact@opc-informatique.com<\/strong>\u00a0.<\/p>\n<p>Toute exploitation non autoris\u00e9e du site ou de l\u2019un quelconque de ces \u00e9l\u00e9ments qu\u2019il contient sera consid\u00e9r\u00e9e comme constitutive d\u2019une contrefa\u00e7on et poursuivie conform\u00e9ment aux dispositions des articles L.335-2 et suivants du Code de Propri\u00e9t\u00e9 Intellectuelle.<\/p>\n<p style=\"text-align: justify;\"><strong><span style=\"font-size: large;\">6. Liens hypertextes et cookies :<\/span><\/strong><\/p>\n<p>Le site www.gite-lecottage-saumur.com contient un certain nombre de liens hypertextes vers d\u2019autres sites (partenaires, informations \u2026) mis en place avec l\u2019autorisation de le proprietaire du site . Cependant, le proprietaire du site n\u2019a pas la possibilit\u00e9 de v\u00e9rifier le contenu des sites ainsi visit\u00e9s\u00a0 et d\u00e9cline donc toute responsabilit\u00e9 de ce fait quand aux risques \u00e9ventuels de contenus illicites.<\/p>\n<p>L\u2019utilisateur est inform\u00e9 que lors de ses visites sur le site www.gite-lecottage-saumur.com, un ou des cookies sont susceptible de s\u2019installer automatiquement sur son ordinateur. Un cookie est un fichier de petite taille, qui ne permet pas l\u2019identification de l\u2019utilisateur, mais qui enregistre des informations relatives \u00e0 la navigation d\u2019un ordinateur sur un site. Les donn\u00e9es ainsi obtenues visent \u00e0 faciliter la navigation ult\u00e9rieure sur le site, et ont \u00e9galement vocation \u00e0 permettre diverses mesures de fr\u00e9quentation.<\/p>\n<p>Le param\u00e9trage du logiciel de navigation permet d\u2019informer de la pr\u00e9sence de cookie et \u00e9ventuellement, de refuser de la mani\u00e8re d\u00e9crite \u00e0 l\u2019adresse suivante : www.cnil.fr<\/p>\n<p>Le refus d\u2019installation d\u2019un cookie peut entra\u00eener l\u2019impossibilit\u00e9 d\u2019acc\u00e9der \u00e0 certains services. L\u2019utilisateur peut toutefois configurer son ordinateur de la mani\u00e8re suivante, pour refuser l\u2019installation des cookies :<\/p>\n<p>Sous Internet Explorer : onglet outil \/ options internet. Cliquez sur Confidentialit\u00e9 et choisissez Bloquer tous les cookies. Validez sur Ok.<\/p>\n<p>Sous Netscape : onglet \u00e9dition \/ pr\u00e9f\u00e9rences. Cliquez sur Avanc\u00e9es et choisissez D\u00e9sactiver les cookies. Validez sur Ok.<\/p>\n<p style=\"text-align: justify;\"><strong><span style=\"font-size: large;\">7. Droit applicable et attribution de juridiction :<\/span><\/strong><\/p>\n<p>Tout litige en relation avec l\u2019utilisation du site www.gite-lecottage-saumur.com est soumis au droit fran\u00e7ais. L\u2019utilisateur ainsi que www.gite-lecottage-saumur.com acceptent de se soumettre \u00e0 la comp\u00e9tence exclusive des tribunaux Fran\u00e7ais en cas de litige.<\/p>\n<p style=\"text-align: justify;\"><strong><span style=\"font-size: large;\">8. Protection des biens et des personnes &#8211; gestion des donn\u00e9es personnelles :<\/span><\/strong><\/p>\n<p>Utilisateur : Internaute se connectant, utilisant le site susnomm\u00e9 : www.gite-lecottage-saumur.com<\/p>\n<p>En France, les donn\u00e9es personnelles sont notamment prot\u00e9g\u00e9es par la loi n\u00b0 78-87 du 6 janvier 1978, la loi n\u00b0 2004-801 du 6 ao\u00fbt 2004, l&#8217;article L. 226-13 du Code p\u00e9nal et la Directive Europ\u00e9enne du 24 octobre 1995.<\/p>\n<p style=\"text-align: justify;\">Sur le site www.gite-lecottage-saumur.com, le proprietaire du site ne collecte des informations personnelles relatives \u00e0 l&#8217;utilisateur que pour le besoin de certains services propos\u00e9s par le site www.gite-lecottage-saumur.com. L&#8217;utilisateur fournit ces informations en toute connaissance de cause, notamment lorsqu&#8217;il proc\u00e8de par lui-m\u00eame \u00e0 leur saisie. Il est alors pr\u00e9cis\u00e9 \u00e0 l&#8217;utilisateur du site www.gite-lecottage-saumur.com l\u2019obligation ou non de fournir ces informations.<\/p>\n<p>Conform\u00e9ment aux dispositions des articles 38 et suivants de la loi 78-17 du 6 janvier 1978 relative \u00e0 l\u2019informatique, aux fichiers et aux libert\u00e9s, tout utilisateur dispose d\u2019un droit d\u2019acc\u00e8s, de rectification, de suppression et d\u2019opposition aux donn\u00e9es personnelles le concernant. Pour l\u2019exercer, adressez votre demande \u00e0 www.gite-lecottage-saumur.com par email : email du webmaster ou\u00a0 en effectuant sa demande \u00e9crite et sign\u00e9e, accompagn\u00e9e d\u2019une copie du titre d\u2019identit\u00e9 avec signature du titulaire de la pi\u00e8ce, en pr\u00e9cisant l\u2019adresse \u00e0 laquelle la r\u00e9ponse doit \u00eatre envoy\u00e9e.<\/p>\n<p style=\"text-align: justify;\">Aucune information personnelle de l&#8217;utilisateur du site www.gite-lecottage-saumur.com n&#8217;est publi\u00e9e \u00e0 l&#8217;insu de l&#8217;utilisateur, \u00e9chang\u00e9e, transf\u00e9r\u00e9e, c\u00e9d\u00e9e ou vendue sur un support quelconque \u00e0 des tiers. Seule l&#8217;hypoth\u00e8se du rachat du site www.gite-lecottage-saumur.com \u00e0 le proprietaire du site et de ses droits permettrait la transmission des dites informations \u00e0 l&#8217;\u00e9ventuel acqu\u00e9reur qui serait \u00e0 son tour tenu de la m\u00eame obligation de conservation et de modification des donn\u00e9es vis \u00e0 vis de l&#8217;utilisateur du site www.gite-lecottage-saumur.com.<\/p>\n<p>Le site www.gite-lecottage-saumur.com est d\u00e9clar\u00e9 \u00e0 la CNIL sous le num\u00e9ro Le site n&#8217;est pas d\u00e9clar\u00e9 \u00e0 la CNIL car il ne recueille pas de donn\u00e9es personnelles.<\/p>\n<p style=\"text-align: justify;\">Les bases de donn\u00e9es sont prot\u00e9g\u00e9es par les dispositions de la loi du 1er juillet 1998 transposant la directive 96\/9 du 11 mars 1996 relative \u00e0 la protection juridique des bases de donn\u00e9es.<\/p>\n","protected":false},"excerpt":{"rendered":"<p>MENTIONS LEGALES : 1. Pr\u00e9sentation du site : Conform\u00e9ment aux dispositions des articles 6-III et 19 de la Loi n\u00b0 2004-575 du 21 juin 2004 pour la Confiance dans l&#8217;\u00e9conomie num\u00e9rique, dite L.C.E.N., nous portons \u00e0 la connaissance des utilisateurs et visiteurs du site : www.gite-lecottage-saumur.com les informations suivantes : Informations l\u00e9gales : Statut du [&hellip;]<\/p>\n","protected":false},"author":1,"featured_media":0,"parent":0,"menu_order":0,"comment_status":"closed","ping_status":"closed","template":"","meta":{"footnotes":""},"class_list":["post-5949","page","type-page","status-publish","hentry"],"yoast_head":"<!-- This site is optimized with the Yoast SEO plugin v26.6 - https:\/\/yoast.com\/wordpress\/plugins\/seo\/ -->\n<title>Mentions l\u00e9gales - G\u00eete &quot;Le Cottage&quot;<\/title>\n<meta name=\"robots\" content=\"index, follow, max-snippet:-1, max-image-preview:large, max-video-preview:-1\" \/>\n<link rel=\"canonical\" href=\"https:\/\/gite-lecottage-saumur.com\/en\/mentions-legales\/\" \/>\n<meta property=\"og:locale\" content=\"en_US\" \/>\n<meta property=\"og:type\" content=\"article\" \/>\n<meta property=\"og:title\" content=\"Mentions l\u00e9gales - G\u00eete &quot;Le Cottage&quot;\" \/>\n<meta property=\"og:description\" content=\"MENTIONS LEGALES : 1. Pr\u00e9sentation du site : Conform\u00e9ment aux dispositions des articles 6-III et 19 de la Loi n\u00b0 2004-575 du 21 juin 2004 pour la Confiance dans l&#8217;\u00e9conomie num\u00e9rique, dite L.C.E.N., nous portons \u00e0 la connaissance des utilisateurs et visiteurs du site : www.gite-lecottage-saumur.com les informations suivantes : Informations l\u00e9gales : Statut du [&hellip;]\" \/>\n<meta property=\"og:url\" content=\"https:\/\/gite-lecottage-saumur.com\/en\/mentions-legales\/\" \/>\n<meta property=\"og:site_name\" content=\"G\u00eete &quot;Le Cottage&quot;\" \/>\n<meta property=\"article:publisher\" content=\"https:\/\/www.facebook.com\/CottageSaumur\/\" \/>\n<meta name=\"twitter:label1\" content=\"Est. reading time\" \/>\n\t<meta name=\"twitter:data1\" content=\"9 minutes\" \/>\n<script type=\"application\/ld+json\" class=\"yoast-schema-graph\">{\"@context\":\"https:\/\/schema.org\",\"@graph\":[{\"@type\":\"WebPage\",\"@id\":\"https:\/\/gite-lecottage-saumur.com\/en\/mentions-legales\/\",\"url\":\"https:\/\/gite-lecottage-saumur.com\/en\/mentions-legales\/\",\"name\":\"Mentions l\u00e9gales - G\u00eete &quot;Le Cottage&quot;\",\"isPartOf\":{\"@id\":\"https:\/\/gite-lecottage-saumur.com\/#website\"},\"datePublished\":\"2015-05-28T13:42:23+00:00\",\"breadcrumb\":{\"@id\":\"https:\/\/gite-lecottage-saumur.com\/en\/mentions-legales\/#breadcrumb\"},\"inLanguage\":\"en-US\",\"potentialAction\":[{\"@type\":\"ReadAction\",\"target\":[\"https:\/\/gite-lecottage-saumur.com\/en\/mentions-legales\/\"]}]},{\"@type\":\"BreadcrumbList\",\"@id\":\"https:\/\/gite-lecottage-saumur.com\/en\/mentions-legales\/#breadcrumb\",\"itemListElement\":[{\"@type\":\"ListItem\",\"position\":1,\"name\":\"Accueil\",\"item\":\"https:\/\/gite-lecottage-saumur.com\/en\/\"},{\"@type\":\"ListItem\",\"position\":2,\"name\":\"Mentions l\u00e9gales\"}]},{\"@type\":\"WebSite\",\"@id\":\"https:\/\/gite-lecottage-saumur.com\/#website\",\"url\":\"https:\/\/gite-lecottage-saumur.com\/\",\"name\":\"G\u00eete &quot;Le Cottage&quot;\",\"description\":\"\",\"potentialAction\":[{\"@type\":\"SearchAction\",\"target\":{\"@type\":\"EntryPoint\",\"urlTemplate\":\"https:\/\/gite-lecottage-saumur.com\/?s={search_term_string}\"},\"query-input\":{\"@type\":\"PropertyValueSpecification\",\"valueRequired\":true,\"valueName\":\"search_term_string\"}}],\"inLanguage\":\"en-US\"}]}<\/script>\n<!-- \/ Yoast SEO plugin. -->","yoast_head_json":{"title":"Mentions l\u00e9gales - G\u00eete &quot;Le Cottage&quot;","robots":{"index":"index","follow":"follow","max-snippet":"max-snippet:-1","max-image-preview":"max-image-preview:large","max-video-preview":"max-video-preview:-1"},"canonical":"https:\/\/gite-lecottage-saumur.com\/en\/mentions-legales\/","og_locale":"en_US","og_type":"article","og_title":"Mentions l\u00e9gales - G\u00eete &quot;Le Cottage&quot;","og_description":"MENTIONS LEGALES : 1. Pr\u00e9sentation du site : Conform\u00e9ment aux dispositions des articles 6-III et 19 de la Loi n\u00b0 2004-575 du 21 juin 2004 pour la Confiance dans l&#8217;\u00e9conomie num\u00e9rique, dite L.C.E.N., nous portons \u00e0 la connaissance des utilisateurs et visiteurs du site : www.gite-lecottage-saumur.com les informations suivantes : Informations l\u00e9gales : Statut du [&hellip;]","og_url":"https:\/\/gite-lecottage-saumur.com\/en\/mentions-legales\/","og_site_name":"G\u00eete &quot;Le Cottage&quot;","article_publisher":"https:\/\/www.facebook.com\/CottageSaumur\/","twitter_misc":{"Est. reading time":"9 minutes"},"schema":{"@context":"https:\/\/schema.org","@graph":[{"@type":"WebPage","@id":"https:\/\/gite-lecottage-saumur.com\/en\/mentions-legales\/","url":"https:\/\/gite-lecottage-saumur.com\/en\/mentions-legales\/","name":"Mentions l\u00e9gales - G\u00eete &quot;Le Cottage&quot;","isPartOf":{"@id":"https:\/\/gite-lecottage-saumur.com\/#website"},"datePublished":"2015-05-28T13:42:23+00:00","breadcrumb":{"@id":"https:\/\/gite-lecottage-saumur.com\/en\/mentions-legales\/#breadcrumb"},"inLanguage":"en-US","potentialAction":[{"@type":"ReadAction","target":["https:\/\/gite-lecottage-saumur.com\/en\/mentions-legales\/"]}]},{"@type":"BreadcrumbList","@id":"https:\/\/gite-lecottage-saumur.com\/en\/mentions-legales\/#breadcrumb","itemListElement":[{"@type":"ListItem","position":1,"name":"Accueil","item":"https:\/\/gite-lecottage-saumur.com\/en\/"},{"@type":"ListItem","position":2,"name":"Mentions l\u00e9gales"}]},{"@type":"WebSite","@id":"https:\/\/gite-lecottage-saumur.com\/#website","url":"https:\/\/gite-lecottage-saumur.com\/","name":"G\u00eete &quot;Le Cottage&quot;","description":"","potentialAction":[{"@type":"SearchAction","target":{"@type":"EntryPoint","urlTemplate":"https:\/\/gite-lecottage-saumur.com\/?s={search_term_string}"},"query-input":{"@type":"PropertyValueSpecification","valueRequired":true,"valueName":"search_term_string"}}],"inLanguage":"en-US"}]}},"_links":{"self":[{"href":"https:\/\/gite-lecottage-saumur.com\/en\/wp-json\/wp\/v2\/pages\/5949","targetHints":{"allow":["GET"]}}],"collection":[{"href":"https:\/\/gite-lecottage-saumur.com\/en\/wp-json\/wp\/v2\/pages"}],"about":[{"href":"https:\/\/gite-lecottage-saumur.com\/en\/wp-json\/wp\/v2\/types\/page"}],"author":[{"embeddable":true,"href":"https:\/\/gite-lecottage-saumur.com\/en\/wp-json\/wp\/v2\/users\/1"}],"replies":[{"embeddable":true,"href":"https:\/\/gite-lecottage-saumur.com\/en\/wp-json\/wp\/v2\/comments?post=5949"}],"version-history":[{"count":0,"href":"https:\/\/gite-lecottage-saumur.com\/en\/wp-json\/wp\/v2\/pages\/5949\/revisions"}],"wp:attachment":[{"href":"https:\/\/gite-lecottage-saumur.com\/en\/wp-json\/wp\/v2\/media?parent=5949"}],"curies":[{"name":"wp","href":"https:\/\/api.w.org\/{rel}","templated":true}]}}